{"id":4915,"date":"2020-09-24T15:36:00","date_gmt":"2020-09-24T15:36:00","guid":{"rendered":"http:\/\/quilisalud.gov.co\/home\/?page_id=4915"},"modified":"2024-08-28T15:39:28","modified_gmt":"2024-08-28T15:39:28","slug":"politica-de-seguridad-de-la-informacion-y-proteccion-de-datos","status":"publish","type":"page","link":"https:\/\/quilisalud.gov.co\/home\/politica-de-seguridad-de-la-informacion-y-proteccion-de-datos\/","title":{"rendered":"Pol\u00edtica de Seguridad de la Informaci\u00f3n y Protecci\u00f3n de Datos"},"content":{"rendered":"\n<div data-wp-interactive=\"core\/file\" class=\"wp-block-file\"><object data-wp-bind--hidden=\"!state.hasPdfPreview\" hidden class=\"wp-block-file__embed\" data=\"https:\/\/quilisalud.gov.co\/home\/wp-content\/uploads\/2024\/08\/Politica-de-Seguridad-de-la-informacion-proteccion-de-datos.pdf\" type=\"application\/pdf\" style=\"width:100%;height:600px\" aria-label=\"Incrustado de Pol\u00edtica-de-Seguridad-de-la informaci\u00f3n-proteccion-de-datos.\"><\/object><a id=\"wp-block-file--media-075d7f48-87cc-4907-8f0d-6c59741bef31\" href=\"https:\/\/quilisalud.gov.co\/home\/wp-content\/uploads\/2024\/08\/Politica-de-Seguridad-de-la-informacion-proteccion-de-datos.pdf\">Pol\u00edtica-de-Seguridad-de-la informaci\u00f3n-proteccion-de-datos<\/a><a href=\"https:\/\/quilisalud.gov.co\/home\/wp-content\/uploads\/2024\/08\/Politica-de-Seguridad-de-la-informacion-proteccion-de-datos.pdf\" class=\"wp-block-file__button wp-element-button\" download aria-describedby=\"wp-block-file--media-075d7f48-87cc-4907-8f0d-6c59741bef31\">Descarga<\/a><\/div>\n","protected":false},"excerpt":{"rendered":"","protected":false},"author":2,"featured_media":0,"parent":0,"menu_order":0,"comment_status":"closed","ping_status":"closed","template":"","meta":{"footnotes":""},"class_list":["post-4915","page","type-page","status-publish","hentry"],"_links":{"self":[{"href":"https:\/\/quilisalud.gov.co\/home\/wp-json\/wp\/v2\/pages\/4915","targetHints":{"allow":["GET"]}}],"collection":[{"href":"https:\/\/quilisalud.gov.co\/home\/wp-json\/wp\/v2\/pages"}],"about":[{"href":"https:\/\/quilisalud.gov.co\/home\/wp-json\/wp\/v2\/types\/page"}],"author":[{"embeddable":true,"href":"https:\/\/quilisalud.gov.co\/home\/wp-json\/wp\/v2\/users\/2"}],"replies":[{"embeddable":true,"href":"https:\/\/quilisalud.gov.co\/home\/wp-json\/wp\/v2\/comments?post=4915"}],"version-history":[{"count":1,"href":"https:\/\/quilisalud.gov.co\/home\/wp-json\/wp\/v2\/pages\/4915\/revisions"}],"predecessor-version":[{"id":4917,"href":"https:\/\/quilisalud.gov.co\/home\/wp-json\/wp\/v2\/pages\/4915\/revisions\/4917"}],"wp:attachment":[{"href":"https:\/\/quilisalud.gov.co\/home\/wp-json\/wp\/v2\/media?parent=4915"}],"curies":[{"name":"wp","href":"https:\/\/api.w.org\/{rel}","templated":true}]}}