{"id":4383,"date":"2024-01-15T23:31:13","date_gmt":"2024-01-15T23:31:13","guid":{"rendered":"http:\/\/quilisalud.gov.co\/home\/?page_id=4383"},"modified":"2024-02-28T01:02:35","modified_gmt":"2024-02-28T01:02:35","slug":"indicadores","status":"publish","type":"page","link":"https:\/\/quilisalud.gov.co\/home\/indicadores\/","title":{"rendered":"Indicadores"},"content":{"rendered":"\n<p><\/p>\n\n\n\n<h3 class=\"wp-block-heading\"><strong><a href=\"https:\/\/quilisalud.gov.co\/home\/wp-content\/uploads\/2024\/02\/Indicador_de_captacion_de_citologia.pdf\">Indicador captaci\u00f3n de citolog\u00eda<\/a><\/strong><\/h3>\n\n\n\n<h3 class=\"wp-block-heading\"><strong><a href=\"https:\/\/quilisalud.gov.co\/home\/wp-content\/uploads\/2024\/02\/Indicador_de_ninos_menores_de_18_con_madres_con_dx_de_vih.pdf\">Indicador de ni\u00f1os menores de 18 con madres con Dx de VIH<\/a><\/strong><\/h3>\n\n\n\n<h3 class=\"wp-block-heading\"><strong><a href=\"https:\/\/quilisalud.gov.co\/home\/wp-content\/uploads\/2024\/02\/indicadores_gestantes_2023.xlsx\" data-type=\"link\" data-id=\"https:\/\/quilisalud.gov.co\/home\/wp-content\/uploads\/2024\/02\/indicadores_gestantes_2023.xlsx\">Indicadores gestantes 2023<\/a><\/strong><\/h3>\n\n\n\n<h3 class=\"wp-block-heading\"><strong><a href=\"https:\/\/quilisalud.gov.co\/home\/wp-content\/uploads\/2024\/02\/indicadores_planeacion_y_calidad_2023.xlsx\">Indicadores planeaci\u00f3n y calidad 2023<\/a><\/strong><\/h3>\n\n\n\n<h3 class=\"wp-block-heading\"><strong><a href=\"https:\/\/quilisalud.gov.co\/home\/wp-content\/uploads\/2024\/02\/INDICADOR_HTA_ECNT_2023_III_TRIMESTRE.pdf\">Indicador Hta Ecnt 2023 -III Trimestre<\/a><\/strong><\/h3>\n\n\n\n<h3 class=\"wp-block-heading\"><strong><a href=\"https:\/\/quilisalud.gov.co\/home\/wp-content\/uploads\/2024\/02\/INDICADORES_DE_CALIDAD_IV_TRIMESTRE_2023.xlsx\">Indicadores de Calidad IV Trimestre 2023<\/a><\/strong><\/h3>\n","protected":false},"excerpt":{"rendered":"<p>Indicador captaci\u00f3n de citolog\u00eda Indicador de ni\u00f1os menores de 18 con madres con Dx de VIH Indicadores gestantes 2023 Indicadores planeaci\u00f3n y calidad 2023 Indicador Hta Ecnt 2023 -III Trimestre Indicadores de Calidad IV Trimestre 2023<\/p>\n","protected":false},"author":2,"featured_media":0,"parent":0,"menu_order":0,"comment_status":"closed","ping_status":"closed","template":"","meta":{"footnotes":""},"class_list":["post-4383","page","type-page","status-publish","hentry"],"_links":{"self":[{"href":"https:\/\/quilisalud.gov.co\/home\/wp-json\/wp\/v2\/pages\/4383","targetHints":{"allow":["GET"]}}],"collection":[{"href":"https:\/\/quilisalud.gov.co\/home\/wp-json\/wp\/v2\/pages"}],"about":[{"href":"https:\/\/quilisalud.gov.co\/home\/wp-json\/wp\/v2\/types\/page"}],"author":[{"embeddable":true,"href":"https:\/\/quilisalud.gov.co\/home\/wp-json\/wp\/v2\/users\/2"}],"replies":[{"embeddable":true,"href":"https:\/\/quilisalud.gov.co\/home\/wp-json\/wp\/v2\/comments?post=4383"}],"version-history":[{"count":5,"href":"https:\/\/quilisalud.gov.co\/home\/wp-json\/wp\/v2\/pages\/4383\/revisions"}],"predecessor-version":[{"id":4417,"href":"https:\/\/quilisalud.gov.co\/home\/wp-json\/wp\/v2\/pages\/4383\/revisions\/4417"}],"wp:attachment":[{"href":"https:\/\/quilisalud.gov.co\/home\/wp-json\/wp\/v2\/media?parent=4383"}],"curies":[{"name":"wp","href":"https:\/\/api.w.org\/{rel}","templated":true}]}}