{"id":4212,"date":"2024-01-25T16:21:27","date_gmt":"2024-01-25T16:21:27","guid":{"rendered":"http:\/\/quilisalud.gov.co\/home\/?page_id=4212"},"modified":"2024-03-07T18:28:43","modified_gmt":"2024-03-07T18:28:43","slug":"planes-institucionales-2024","status":"publish","type":"page","link":"https:\/\/quilisalud.gov.co\/home\/planes-institucionales-2024\/","title":{"rendered":"Planes Institucionales 2024"},"content":{"rendered":"\n<p>Fecha : 25 de enero 2024<\/p>\n\n\n\n<p> <strong>GESTI\u00d3N DE TI<\/strong>  <\/p>\n\n\n\n<p><a style=\"\" href=\"https:\/\/quilisalud.gov.co\/home\/wp-content\/uploads\/2021\/01\/PETI.pdf\"><strong>Plan Estrat\u00e9gico de Tecnolog\u00ed<\/strong><\/a><a href=\"https:\/\/quilisalud.gov.co\/home\/wp-content\/uploads\/2024\/01\/PLAN_PETI-_QUILISALUD_2024.pdf\"><strong>as de la Informaci\u00f3n y las Comunicaciones(PETI) <\/strong><\/a><\/p>\n\n\n\n<p><strong><a href=\"https:\/\/quilisalud.gov.co\/home\/wp-content\/uploads\/2024\/01\/PLAN_DE_CONTINGENCIA_TECNOLOGICO_2024.pdf\" data-type=\"page\" data-id=\"3255\">Plan de Contingencia Tecnol\u00f3gica <\/a><\/strong><\/p>\n\n\n\n<p><a href=\"https:\/\/quilisalud.gov.co\/home\/politica-de-transformacion-digital\/\" data-type=\"page\" data-id=\"3015\"><strong>P<\/strong><\/a><a href=\"https:\/\/quilisalud.gov.co\/home\/wp-content\/uploads\/2024\/01\/POLITICA_DE_TRANSFORMACION_DIGITAL_2024.pdf\" data-type=\"page\"><strong>lan de Transformaci\u00f3n digital<\/strong><\/a><\/p>\n\n\n\n<p><strong><a href=\"https:\/\/quilisalud.gov.co\/home\/wp-content\/uploads\/2024\/01\/PLAN-ESTRATEGICO-DE-SEGURIDAD-DE-LA-INFORMACION-PESI-2024.pdf\">Plan estrat\u00e9gico de seguridad de la informaci\u00f3n <\/a><\/strong><\/p>\n\n\n\n<p><strong>COMUNICACIONES<\/strong><\/p>\n\n\n\n<p><strong><a href=\"https:\/\/quilisalud.gov.co\/home\/wp-content\/uploads\/2024\/01\/Plan_de_comunicaciones_2024_Quilisalud.pdf\" target=\"_blank\" rel=\"noreferrer noopener\">Plan de comunicaciones <\/a><\/strong><\/p>\n\n\n\n<p><\/p>\n\n\n\n<p><strong>PLANEACI\u00d3N<\/strong><\/p>\n\n\n\n<p><a href=\"https:\/\/quilisalud.gov.co\/home\/wp-content\/uploads\/2024\/01\/Programa_de_Transparencia_y_Etica_Publica_2024.pdf\">Programa de Transparencia y \u00c9tica Publica 2024<\/a><\/p>\n\n\n\n<p><strong>CALIDAD<\/strong><\/p>\n\n\n\n<p><strong><a href=\"https:\/\/quilisalud.gov.co\/home\/wp-content\/uploads\/2024\/01\/PAMEC_2024_QUILISALUD.pdf\">PAMEC<\/a><\/strong><\/p>\n\n\n\n<p><strong>GESTI\u00d3N DOCUMENTAL<\/strong><\/p>\n\n\n\n<p><strong><a href=\"https:\/\/quilisalud.gov.co\/home\/wp-content\/uploads\/2024\/01\/PINAR_2024.pdf\">PINAR_2024<\/a><\/strong><\/p>\n\n\n\n<p><strong>COMPRAS<\/strong><\/p>\n\n\n\n<p><strong><a href=\"https:\/\/quilisalud.gov.co\/home\/wp-content\/uploads\/2024\/03\/paa_2024.pdf\" data-type=\"link\" data-id=\"https:\/\/quilisalud.gov.co\/home\/wp-content\/uploads\/2024\/03\/paa_2024.pdf\">Plan Anual de Compras<\/a><\/strong><\/p>\n\n\n\n<p><strong>SALUD Y SEGURIDAD EN EL TRABAJO<\/strong><\/p>\n\n\n\n<p><strong><a href=\"https:\/\/quilisalud.gov.co\/home\/wp-content\/uploads\/2024\/01\/Sistema_de_Gestion_de_la_seguridad_y_salud_en_el_Trabajo_2024_ESE_Quilisalud.pdf\">Sistema De Gesti\u00f3n De La Seguridad Y Salud En El Trabajo 2024 Ese Quilisalud<\/a><\/strong><\/p>\n\n\n\n<p><strong>MANTENIMIENTO HOSPITALARIO<\/strong><\/p>\n\n\n\n<p><strong><a href=\"https:\/\/quilisalud.gov.co\/home\/wp-content\/uploads\/2024\/01\/PLAN_DE_MANTENIMIENTO_HOSPITALARIO_2024.pdf\">Mantenimiento Hospitalario<\/a><\/strong><\/p>\n\n\n\n<p><strong>SIAU<\/strong><\/p>\n\n\n\n<p><strong><a href=\"https:\/\/quilisalud.gov.co\/home\/wp-content\/uploads\/2024\/01\/PLAN_DE_ACCION_PARTICIPACION_SOCIAL_2024.xlsx\" data-type=\"link\" data-id=\"https:\/\/quilisalud.gov.co\/home\/wp-content\/uploads\/2024\/01\/PLAN_DE_ACCION_PARTICIPACION_SOCIAL_2024.xlsx\">Participaci\u00f3n social<\/a><\/strong><\/p>\n\n\n\n<p><strong>TALENTO HUMANO<\/strong><\/p>\n\n\n\n<p><strong><a href=\"https:\/\/quilisalud.gov.co\/home\/wp-content\/uploads\/2024\/01\/Plan_Estrtegico_de_Tlento_Humanno_2024.pdf\">Plan Estrat\u00e9gico de Talento Humano<\/a><\/strong><\/p>\n\n\n\n<p><strong><a href=\"https:\/\/quilisalud.gov.co\/home\/wp-content\/uploads\/2024\/01\/Plan_Instituciona_de_Cacitacion_2024.pdf\">Plan Institucional de Capacitaci\u00f3n<\/a><\/strong><\/p>\n\n\n\n<p><strong><a href=\"https:\/\/quilisalud.gov.co\/home\/wp-content\/uploads\/2024\/01\/Plan_de_Bienestar_e_Incentivos_2024.pdf\">Plan de Bienestar e Incentivos<\/a><\/strong><\/p>\n\n\n\n<p><strong><a href=\"https:\/\/quilisalud.gov.co\/home\/wp-content\/uploads\/2024\/01\/Plan_Anual_Vacantes_2024.pdf\">Plan Anual de Vacantes y Previsi\u00f3n de Rh<\/a><\/strong><\/p>\n","protected":false},"excerpt":{"rendered":"<p>Fecha : 25 de enero 2024 GESTI\u00d3N DE TI Plan Estrat\u00e9gico de Tecnolog\u00edas de la Informaci\u00f3n y las Comunicaciones(PETI) Plan de Contingencia Tecnol\u00f3gica Plan de Transformaci\u00f3n digital Plan estrat\u00e9gico de seguridad de la informaci\u00f3n COMUNICACIONES Plan de comunicaciones PLANEACI\u00d3N Programa de Transparencia y \u00c9tica Publica 2024 CALIDAD PAMEC GESTI\u00d3N DOCUMENTAL PINAR_2024 COMPRAS Plan Anual de [&hellip;]<\/p>\n","protected":false},"author":2,"featured_media":0,"parent":0,"menu_order":0,"comment_status":"closed","ping_status":"closed","template":"","meta":{"footnotes":""},"class_list":["post-4212","page","type-page","status-publish","hentry"],"_links":{"self":[{"href":"https:\/\/quilisalud.gov.co\/home\/wp-json\/wp\/v2\/pages\/4212","targetHints":{"allow":["GET"]}}],"collection":[{"href":"https:\/\/quilisalud.gov.co\/home\/wp-json\/wp\/v2\/pages"}],"about":[{"href":"https:\/\/quilisalud.gov.co\/home\/wp-json\/wp\/v2\/types\/page"}],"author":[{"embeddable":true,"href":"https:\/\/quilisalud.gov.co\/home\/wp-json\/wp\/v2\/users\/2"}],"replies":[{"embeddable":true,"href":"https:\/\/quilisalud.gov.co\/home\/wp-json\/wp\/v2\/comments?post=4212"}],"version-history":[{"count":15,"href":"https:\/\/quilisalud.gov.co\/home\/wp-json\/wp\/v2\/pages\/4212\/revisions"}],"predecessor-version":[{"id":4429,"href":"https:\/\/quilisalud.gov.co\/home\/wp-json\/wp\/v2\/pages\/4212\/revisions\/4429"}],"wp:attachment":[{"href":"https:\/\/quilisalud.gov.co\/home\/wp-json\/wp\/v2\/media?parent=4212"}],"curies":[{"name":"wp","href":"https:\/\/api.w.org\/{rel}","templated":true}]}}