{"id":2827,"date":"2022-04-29T22:44:16","date_gmt":"2022-04-29T22:44:16","guid":{"rendered":"http:\/\/quilisalud.gov.co\/home\/?page_id=2827"},"modified":"2022-04-29T22:44:16","modified_gmt":"2022-04-29T22:44:16","slug":"ejecuciones-presupuestales-2022","status":"publish","type":"page","link":"https:\/\/quilisalud.gov.co\/home\/ejecuciones-presupuestales-2022\/","title":{"rendered":"EJECUCIONES PRESUPUESTALES 2022"},"content":{"rendered":"\n<p id=\"block-616b8b1e-774a-4a41-9120-721b14124cf5\"><strong><br>INGRESOS<\/strong><\/p>\n\n\n\n<p id=\"block-fd7ef805-3a30-469f-98c2-f240355928b1\"><a rel=\"noreferrer noopener\" href=\"https:\/\/quilisalud.gov.co\/home\/wp-content\/uploads\/2022\/04\/EJECUCION_INGRESOS_ENERO_2022.pdf\" target=\"_blank\"><strong>Ejecuci\u00f3n Presupuestal de Ingresos Enero 2022<\/strong><\/a><\/p>\n\n\n\n<p><\/p>\n\n\n\n<p> <a href=\"https:\/\/quilisalud.gov.co\/home\/wp-content\/uploads\/2022\/09\/informe-ejecucion-presupuestal-ingreso_febrero_2022.pdf\" target=\"_blank\" rel=\"noreferrer noopener\"><strong>Ejecuci\u00f3n Presupuestal de Ingresos Febrero 2022<\/strong><\/a> <\/p>\n\n\n\n<p><\/p>\n\n\n\n<p><a rel=\"noreferrer noopener\" href=\"https:\/\/quilisalud.gov.co\/home\/wp-content\/uploads\/2022\/09\/informe_ejecucuin_presupuestal_ingreso_marzo_2022.pdf\" target=\"_blank\"><strong>Ejecuci\u00f3n Presupuestal de Ingresos Marzo 2022<\/strong><\/a>  <\/p>\n\n\n\n<p><\/p>\n\n\n\n<p><a href=\"https:\/\/quilisalud.gov.co\/home\/wp-content\/uploads\/2022\/09\/informe_ejecucion_presupuestal_ingreso_abril_2022.pdf\" target=\"_blank\" rel=\"noreferrer noopener\"><strong>Ejecuci\u00f3n Presupuestal de Ingresos Abril 2022<\/strong><\/a>   <\/p>\n\n\n\n<p><\/p>\n\n\n\n<p><a href=\"https:\/\/quilisalud.gov.co\/home\/wp-content\/uploads\/2022\/09\/informe_ejecucion_presupuestal_ingreso_Mayo_2022.pdf\" target=\"_blank\" rel=\"noreferrer noopener\"><strong>Ejecuci\u00f3n Presupuestal de Ingresos Mayo 2022<\/strong><\/a>   <\/p>\n\n\n\n<p><\/p>\n\n\n\n<p> <a href=\"https:\/\/quilisalud.gov.co\/home\/wp-content\/uploads\/2022\/08\/ejecucion_ingresos_junio_2022.pdf\" target=\"_blank\" rel=\"noreferrer noopener\"><strong>Ejecuci\u00f3n Presupuestal de Ingresos Junio 2022<\/strong><\/a> <\/p>\n\n\n\n<p><\/p>\n\n\n\n<p><\/p>\n\n\n\n<p><\/p>\n\n\n\n<p><\/p>\n\n\n\n<p><\/p>\n\n\n\n<p><\/p>\n\n\n\n<p><strong>GASTOS<\/strong><\/p>\n\n\n\n<p><a href=\"https:\/\/quilisalud.gov.co\/home\/wp-content\/uploads\/2022\/04\/EJECUCION_GTOS_ENERO_2022.pdf\" target=\"_blank\" rel=\"noreferrer noopener\"><strong>Ejecuci\u00f3n Presupuestal de Gastos Enero 2022<\/strong><\/a><\/p>\n\n\n\n<p><\/p>\n\n\n\n<p> <a rel=\"noreferrer noopener\" href=\"https:\/\/quilisalud.gov.co\/home\/wp-content\/uploads\/2022\/09\/ejecucion-presupuestal-gastos-febrero_2022.pdf\" target=\"_blank\"><strong>Ejecuci\u00f3n Presupuestal de Gastos Febrero 2022<\/strong><\/a> <\/p>\n\n\n\n<p><\/p>\n\n\n\n<p> <a href=\"https:\/\/quilisalud.gov.co\/home\/wp-content\/uploads\/2022\/09\/ejecucion-presupuestal-gastos-marzo_2022.pdf\" target=\"_blank\" rel=\"noreferrer noopener\"><strong>Ejecuci\u00f3n Presupuestal de Gastos Marzo 2022<\/strong><\/a>  <\/p>\n\n\n\n<p> <a rel=\"noreferrer noopener\" href=\"https:\/\/quilisalud.gov.co\/home\/wp-content\/uploads\/2021\/12\/Ejecucion-Presupuestal-de-Gastos-Enero-de-2021.pdf\" target=\"_blank\"><strong>Ejecuci\u00f3n Presupuestal de Gastos Abril  <\/strong><\/a><a href=\"https:\/\/quilisalud.gov.co\/home\/wp-content\/uploads\/2022\/08\/ejecucion_gastos_abril_2022.pdf\" target=\"_blank\" rel=\"noreferrer noopener\"><strong>2022<\/strong> <\/a><\/p>\n\n\n\n<p><\/p>\n\n\n\n<p> <a rel=\"noreferrer noopener\" href=\"https:\/\/quilisalud.gov.co\/home\/wp-content\/uploads\/2022\/08\/ejecucion_ingresos_mayo_2022.pdf\" target=\"_blank\"><strong>Ejecuci\u00f3n Presupuestal de Gastos Mayo  2022<\/strong><\/a> <\/p>\n\n\n\n<p><\/p>\n\n\n\n<p> <a href=\"https:\/\/quilisalud.gov.co\/home\/wp-content\/uploads\/2022\/08\/ejecucion_gastos_junio_2022.pdf\" target=\"_blank\" rel=\"noreferrer noopener\"><strong>Ejecuci\u00f3n Presupuestal de Gastos Junio 2022<\/strong><\/a> <\/p>\n","protected":false},"excerpt":{"rendered":"<p>INGRESOS Ejecuci\u00f3n Presupuestal de Ingresos Enero 2022 Ejecuci\u00f3n Presupuestal de Ingresos Febrero 2022 Ejecuci\u00f3n Presupuestal de Ingresos Marzo 2022 Ejecuci\u00f3n Presupuestal de Ingresos Abril 2022 Ejecuci\u00f3n Presupuestal de Ingresos Mayo 2022 Ejecuci\u00f3n Presupuestal de Ingresos Junio 2022 GASTOS Ejecuci\u00f3n Presupuestal de Gastos Enero 2022 Ejecuci\u00f3n Presupuestal de Gastos Febrero 2022 Ejecuci\u00f3n Presupuestal de Gastos Marzo [&hellip;]<\/p>\n","protected":false},"author":2,"featured_media":0,"parent":0,"menu_order":0,"comment_status":"closed","ping_status":"closed","template":"","meta":{"footnotes":""},"class_list":["post-2827","page","type-page","status-publish","hentry"],"_links":{"self":[{"href":"https:\/\/quilisalud.gov.co\/home\/wp-json\/wp\/v2\/pages\/2827","targetHints":{"allow":["GET"]}}],"collection":[{"href":"https:\/\/quilisalud.gov.co\/home\/wp-json\/wp\/v2\/pages"}],"about":[{"href":"https:\/\/quilisalud.gov.co\/home\/wp-json\/wp\/v2\/types\/page"}],"author":[{"embeddable":true,"href":"https:\/\/quilisalud.gov.co\/home\/wp-json\/wp\/v2\/users\/2"}],"replies":[{"embeddable":true,"href":"https:\/\/quilisalud.gov.co\/home\/wp-json\/wp\/v2\/comments?post=2827"}],"version-history":[{"count":0,"href":"https:\/\/quilisalud.gov.co\/home\/wp-json\/wp\/v2\/pages\/2827\/revisions"}],"wp:attachment":[{"href":"https:\/\/quilisalud.gov.co\/home\/wp-json\/wp\/v2\/media?parent=2827"}],"curies":[{"name":"wp","href":"https:\/\/api.w.org\/{rel}","templated":true}]}}