{"id":2772,"date":"2022-05-06T23:11:00","date_gmt":"2022-05-06T23:11:00","guid":{"rendered":"http:\/\/quilisalud.gov.co\/home\/?page_id=2772"},"modified":"2022-05-06T23:11:00","modified_gmt":"2022-05-06T23:11:00","slug":"rendicion-de-cuenta-2021","status":"publish","type":"page","link":"https:\/\/quilisalud.gov.co\/home\/rendicion-de-cuenta-2021\/","title":{"rendered":"Rendici\u00f3n de cuenta 2021"},"content":{"rendered":"\n<p><\/p>\n\n\n\n<h2 class=\"wp-block-heading\">Rendici\u00f3n de cuenta 2021<\/h2>\n\n\n\n<p>Se realizo con \u00e9xito en evento de rendici\u00f3n de cuenta vigencia 2021 de Quilisalud E.S.E, en cabeza del dr Carlos Gabriel Qui\u00f1onez Quintero,  ante la comunidad de Santander de Quilichao, resaltando los excelentes resultados financieros obtenidos durante la vigencia.<\/p>\n\n\n\n<p><\/p>\n\n\n\n<p><\/p>\n\n\n\n<p>Un espacio para el di\u00e1logo, la escucha y la informaci\u00f3n con transparencia.<\/p>\n\n\n\n<figure class=\"wp-block-gallery columns-3 is-cropped wp-block-gallery-1 is-layout-flex wp-block-gallery-is-layout-flex\"><ul class=\"blocks-gallery-grid\"><li class=\"blocks-gallery-item\"><figure><a href=\"https:\/\/quilisalud.gov.co\/home\/wp-content\/uploads\/2022\/05\/rendquili2021-scaled.jpg\"><img decoding=\"async\" src=\"https:\/\/quilisalud.gov.co\/home\/wp-content\/uploads\/2022\/05\/rendquili2021-1024x683.jpg\" alt=\"\" data-id=\"2893\" data-full-url=\"https:\/\/quilisalud.gov.co\/home\/wp-content\/uploads\/2022\/05\/rendquili2021-scaled.jpg\" data-link=\"https:\/\/quilisalud.gov.co\/home\/rendicion-de-cuenta-2021\/rendquili2021\/\" class=\"wp-image-2893\"\/><\/a><\/figure><\/li><li class=\"blocks-gallery-item\"><figure><a href=\"https:\/\/quilisalud.gov.co\/home\/wp-content\/uploads\/2022\/05\/2-rendquili2021-scaled.jpg\"><img decoding=\"async\" src=\"https:\/\/quilisalud.gov.co\/home\/wp-content\/uploads\/2022\/05\/2-rendquili2021-1024x683.jpg\" alt=\"\" data-id=\"2881\" data-full-url=\"https:\/\/quilisalud.gov.co\/home\/wp-content\/uploads\/2022\/05\/2-rendquili2021-scaled.jpg\" data-link=\"https:\/\/quilisalud.gov.co\/home\/rendicion-de-cuenta-2021\/2-rendquili2021\/\" class=\"wp-image-2881\"\/><\/a><\/figure><\/li><li class=\"blocks-gallery-item\"><figure><a href=\"https:\/\/quilisalud.gov.co\/home\/wp-content\/uploads\/2022\/05\/4-rendquili2021-scaled.jpg\"><img decoding=\"async\" src=\"https:\/\/quilisalud.gov.co\/home\/wp-content\/uploads\/2022\/05\/4-rendquili2021-1024x683.jpg\" alt=\"\" data-id=\"2883\" data-full-url=\"https:\/\/quilisalud.gov.co\/home\/wp-content\/uploads\/2022\/05\/4-rendquili2021-scaled.jpg\" data-link=\"https:\/\/quilisalud.gov.co\/home\/rendicion-de-cuenta-2021\/4-rendquili2021\/\" class=\"wp-image-2883\"\/><\/a><\/figure><\/li><li class=\"blocks-gallery-item\"><figure><a href=\"https:\/\/quilisalud.gov.co\/home\/wp-content\/uploads\/2022\/05\/5-rendquili2021-scaled.jpg\"><img decoding=\"async\" src=\"https:\/\/quilisalud.gov.co\/home\/wp-content\/uploads\/2022\/05\/5-rendquili2021-1024x683.jpg\" alt=\"\" data-id=\"2884\" data-full-url=\"https:\/\/quilisalud.gov.co\/home\/wp-content\/uploads\/2022\/05\/5-rendquili2021-scaled.jpg\" data-link=\"https:\/\/quilisalud.gov.co\/home\/rendicion-de-cuenta-2021\/5-rendquili2021\/\" class=\"wp-image-2884\"\/><\/a><\/figure><\/li><li class=\"blocks-gallery-item\"><figure><a href=\"https:\/\/quilisalud.gov.co\/home\/wp-content\/uploads\/2022\/05\/rend1quili2021-scaled.jpg\"><img decoding=\"async\" src=\"https:\/\/quilisalud.gov.co\/home\/wp-content\/uploads\/2022\/05\/rend1quili2021-1024x683.jpg\" alt=\"\" data-id=\"2892\" data-full-url=\"https:\/\/quilisalud.gov.co\/home\/wp-content\/uploads\/2022\/05\/rend1quili2021-scaled.jpg\" data-link=\"https:\/\/quilisalud.gov.co\/home\/rendicion-de-cuenta-2021\/rend1quili2021\/\" class=\"wp-image-2892\"\/><\/a><\/figure><\/li><li class=\"blocks-gallery-item\"><figure><a href=\"https:\/\/quilisalud.gov.co\/home\/wp-content\/uploads\/2022\/05\/6-rendquili2021-scaled.jpg\"><img decoding=\"async\" src=\"https:\/\/quilisalud.gov.co\/home\/wp-content\/uploads\/2022\/05\/6-rendquili2021-1024x683.jpg\" alt=\"\" data-id=\"2885\" data-full-url=\"https:\/\/quilisalud.gov.co\/home\/wp-content\/uploads\/2022\/05\/6-rendquili2021-scaled.jpg\" data-link=\"https:\/\/quilisalud.gov.co\/home\/rendicion-de-cuenta-2021\/6-rendquili2021\/\" class=\"wp-image-2885\"\/><\/a><\/figure><\/li><li class=\"blocks-gallery-item\"><figure><a href=\"https:\/\/quilisalud.gov.co\/home\/wp-content\/uploads\/2022\/05\/rendquili-2021-scaled.jpg\"><img decoding=\"async\" src=\"https:\/\/quilisalud.gov.co\/home\/wp-content\/uploads\/2022\/05\/rendquili-2021-1024x683.jpg\" alt=\"\" data-id=\"2894\" data-full-url=\"https:\/\/quilisalud.gov.co\/home\/wp-content\/uploads\/2022\/05\/rendquili-2021-scaled.jpg\" data-link=\"https:\/\/quilisalud.gov.co\/home\/rendicion-de-cuenta-2021\/rendquili-2021\/\" class=\"wp-image-2894\"\/><\/a><\/figure><\/li><li class=\"blocks-gallery-item\"><figure><a href=\"https:\/\/quilisalud.gov.co\/home\/wp-content\/uploads\/2022\/05\/7-rendquili2021-scaled.jpg\"><img decoding=\"async\" src=\"https:\/\/quilisalud.gov.co\/home\/wp-content\/uploads\/2022\/05\/7-rendquili2021-1024x683.jpg\" alt=\"\" data-id=\"2886\" data-full-url=\"https:\/\/quilisalud.gov.co\/home\/wp-content\/uploads\/2022\/05\/7-rendquili2021-scaled.jpg\" data-link=\"https:\/\/quilisalud.gov.co\/home\/rendicion-de-cuenta-2021\/7-rendquili2021\/\" class=\"wp-image-2886\"\/><\/a><\/figure><\/li><li class=\"blocks-gallery-item\"><figure><a href=\"https:\/\/quilisalud.gov.co\/home\/wp-content\/uploads\/2022\/05\/rendquilis2021-scaled.jpg\"><img decoding=\"async\" src=\"https:\/\/quilisalud.gov.co\/home\/wp-content\/uploads\/2022\/05\/rendquilis2021-1024x683.jpg\" alt=\"\" data-id=\"2896\" data-full-url=\"https:\/\/quilisalud.gov.co\/home\/wp-content\/uploads\/2022\/05\/rendquilis2021-scaled.jpg\" data-link=\"https:\/\/quilisalud.gov.co\/home\/rendicion-de-cuenta-2021\/rendquilis2021\/\" class=\"wp-image-2896\"\/><\/a><\/figure><\/li><li class=\"blocks-gallery-item\"><figure><a href=\"https:\/\/quilisalud.gov.co\/home\/wp-content\/uploads\/2022\/05\/rend-quili2021-scaled.jpg\"><img decoding=\"async\" src=\"https:\/\/quilisalud.gov.co\/home\/wp-content\/uploads\/2022\/05\/rend-quili2021-1024x683.jpg\" alt=\"\" data-id=\"2895\" data-full-url=\"https:\/\/quilisalud.gov.co\/home\/wp-content\/uploads\/2022\/05\/rend-quili2021-scaled.jpg\" data-link=\"https:\/\/quilisalud.gov.co\/home\/rendicion-de-cuenta-2021\/rend-quili2021\/\" class=\"wp-image-2895\"\/><\/a><\/figure><\/li><li class=\"blocks-gallery-item\"><figure><a href=\"https:\/\/quilisalud.gov.co\/home\/wp-content\/uploads\/2022\/05\/10-rendquili2021-scaled.jpg\"><img decoding=\"async\" src=\"https:\/\/quilisalud.gov.co\/home\/wp-content\/uploads\/2022\/05\/10-rendquili2021-1024x683.jpg\" alt=\"\" data-id=\"2889\" data-full-url=\"https:\/\/quilisalud.gov.co\/home\/wp-content\/uploads\/2022\/05\/10-rendquili2021-scaled.jpg\" data-link=\"https:\/\/quilisalud.gov.co\/home\/rendicion-de-cuenta-2021\/10-rendquili2021\/\" class=\"wp-image-2889\"\/><\/a><\/figure><\/li><li class=\"blocks-gallery-item\"><figure><a href=\"https:\/\/quilisalud.gov.co\/home\/wp-content\/uploads\/2022\/05\/rend_quili2021-scaled.jpg\"><img decoding=\"async\" src=\"https:\/\/quilisalud.gov.co\/home\/wp-content\/uploads\/2022\/05\/rend_quili2021-1024x683.jpg\" alt=\"\" data-id=\"2891\" data-full-url=\"https:\/\/quilisalud.gov.co\/home\/wp-content\/uploads\/2022\/05\/rend_quili2021-scaled.jpg\" data-link=\"https:\/\/quilisalud.gov.co\/home\/rendicion-de-cuenta-2021\/rend_quili2021\/\" class=\"wp-image-2891\"\/><\/a><\/figure><\/li><li class=\"blocks-gallery-item\"><figure><a href=\"https:\/\/quilisalud.gov.co\/home\/wp-content\/uploads\/2022\/05\/9-rendquili2021-scaled.jpg\"><img decoding=\"async\" src=\"https:\/\/quilisalud.gov.co\/home\/wp-content\/uploads\/2022\/05\/9-rendquili2021-1024x683.jpg\" alt=\"\" data-id=\"2888\" data-full-url=\"https:\/\/quilisalud.gov.co\/home\/wp-content\/uploads\/2022\/05\/9-rendquili2021-scaled.jpg\" data-link=\"https:\/\/quilisalud.gov.co\/home\/rendicion-de-cuenta-2021\/9-rendquili2021\/\" class=\"wp-image-2888\"\/><\/a><\/figure><\/li><li class=\"blocks-gallery-item\"><figure><a href=\"https:\/\/quilisalud.gov.co\/home\/wp-content\/uploads\/2022\/05\/8-rendquili2021-scaled.jpg\"><img decoding=\"async\" src=\"https:\/\/quilisalud.gov.co\/home\/wp-content\/uploads\/2022\/05\/8-rendquili2021-1024x713.jpg\" alt=\"\" data-id=\"2887\" data-full-url=\"https:\/\/quilisalud.gov.co\/home\/wp-content\/uploads\/2022\/05\/8-rendquili2021-scaled.jpg\" data-link=\"https:\/\/quilisalud.gov.co\/home\/rendicion-de-cuenta-2021\/8-rendquili2021\/\" class=\"wp-image-2887\"\/><\/a><\/figure><\/li><li class=\"blocks-gallery-item\"><figure><a href=\"https:\/\/quilisalud.gov.co\/home\/wp-content\/uploads\/2022\/05\/11-rendquili2021-scaled.jpg\"><img decoding=\"async\" src=\"https:\/\/quilisalud.gov.co\/home\/wp-content\/uploads\/2022\/05\/11-rendquili2021-1024x683.jpg\" alt=\"\" data-id=\"2890\" data-full-url=\"https:\/\/quilisalud.gov.co\/home\/wp-content\/uploads\/2022\/05\/11-rendquili2021-scaled.jpg\" data-link=\"https:\/\/quilisalud.gov.co\/home\/rendicion-de-cuenta-2021\/11-rendquili2021\/\" class=\"wp-image-2890\"\/><\/a><\/figure><\/li><\/ul><\/figure>\n","protected":false},"excerpt":{"rendered":"<p>Rendici\u00f3n de cuenta 2021 Se realizo con \u00e9xito en evento de rendici\u00f3n de cuenta vigencia 2021 de Quilisalud E.S.E, en cabeza del dr Carlos Gabriel Qui\u00f1onez Quintero, ante la comunidad de Santander de Quilichao, resaltando los excelentes resultados financieros obtenidos durante la vigencia. Un espacio para el di\u00e1logo, la escucha y la informaci\u00f3n con transparencia.<\/p>\n","protected":false},"author":2,"featured_media":0,"parent":0,"menu_order":0,"comment_status":"closed","ping_status":"closed","template":"","meta":{"footnotes":""},"class_list":["post-2772","page","type-page","status-publish","hentry"],"_links":{"self":[{"href":"https:\/\/quilisalud.gov.co\/home\/wp-json\/wp\/v2\/pages\/2772","targetHints":{"allow":["GET"]}}],"collection":[{"href":"https:\/\/quilisalud.gov.co\/home\/wp-json\/wp\/v2\/pages"}],"about":[{"href":"https:\/\/quilisalud.gov.co\/home\/wp-json\/wp\/v2\/types\/page"}],"author":[{"embeddable":true,"href":"https:\/\/quilisalud.gov.co\/home\/wp-json\/wp\/v2\/users\/2"}],"replies":[{"embeddable":true,"href":"https:\/\/quilisalud.gov.co\/home\/wp-json\/wp\/v2\/comments?post=2772"}],"version-history":[{"count":0,"href":"https:\/\/quilisalud.gov.co\/home\/wp-json\/wp\/v2\/pages\/2772\/revisions"}],"wp:attachment":[{"href":"https:\/\/quilisalud.gov.co\/home\/wp-json\/wp\/v2\/media?parent=2772"}],"curies":[{"name":"wp","href":"https:\/\/api.w.org\/{rel}","templated":true}]}}