{"id":2556,"date":"2021-12-23T03:07:55","date_gmt":"2021-12-23T03:07:55","guid":{"rendered":"http:\/\/quilisalud.gov.co\/home\/?page_id=2556"},"modified":"2021-12-23T03:07:55","modified_gmt":"2021-12-23T03:07:55","slug":"ejecuciones-presupuestales-2021","status":"publish","type":"page","link":"https:\/\/quilisalud.gov.co\/home\/ejecuciones-presupuestales-2021\/","title":{"rendered":"EJECUCIONES PRESUPUESTALES 2021"},"content":{"rendered":"\n<p><strong>INGRESOS<\/strong><\/p>\n\n\n\n<p><a href=\"https:\/\/quilisalud.gov.co\/home\/wp-content\/uploads\/2021\/12\/Ejecucion-Presupuestal-de-Ingresos-Enero-de-2021.pdf\" target=\"_blank\" rel=\"noreferrer noopener\"><strong>Ejecuci\u00f3n Presupuestal de Ingresos Enero 2021<\/strong><\/a><\/p>\n\n\n\n<p> <a href=\"https:\/\/quilisalud.gov.co\/home\/wp-content\/uploads\/2021\/12\/Ejecucion-Presupuestal-de-Ingresos-Febrero-de-2021.pdf\" target=\"_blank\" rel=\"noreferrer noopener\"><strong>Ejecuci\u00f3n Presupuestal de Ingresos Febrero 2021<\/strong><\/a> <\/p>\n\n\n\n<p> <a href=\"https:\/\/quilisalud.gov.co\/home\/wp-content\/uploads\/2021\/12\/Ejecucion-Presupuestal-de-Ingresos-Marzo-de-2021.pdf\" target=\"_blank\" rel=\"noreferrer noopener\"><strong>Ejecuci\u00f3n Presupuestal de Ingresos Marzo 2021<\/strong><\/a> <\/p>\n\n\n\n<p> <a href=\"https:\/\/quilisalud.gov.co\/home\/wp-content\/uploads\/2021\/12\/Ejecucion-Presupuestal-de-Ingresos-mes-de-Abril-de-2021.pdf\" target=\"_blank\" rel=\"noreferrer noopener\"><strong>Ejecuci\u00f3n Presupuestal de Ingresos Abril 2021<\/strong><\/a> <\/p>\n\n\n\n<p> <a href=\"https:\/\/quilisalud.gov.co\/home\/wp-content\/uploads\/2021\/12\/Ejecucion-Presupuestal-de-Ingresos-mes-de-Mayo-de-2021.pdf\" target=\"_blank\" rel=\"noreferrer noopener\"><strong>Ejecuci\u00f3n Presupuestal de Ingresos Mayo 2021<\/strong><\/a> <\/p>\n\n\n\n<p> <a href=\"https:\/\/quilisalud.gov.co\/home\/wp-content\/uploads\/2021\/12\/Ejecucion-Presupuestal-de-Ingresos-mes-de-Junio-de-2021.pdf\" target=\"_blank\" rel=\"noreferrer noopener\"><strong>Ejecuci\u00f3n Presupuestal de Ingresos Junio 2021<\/strong><\/a> <\/p>\n\n\n\n<p> <a href=\"https:\/\/quilisalud.gov.co\/home\/wp-content\/uploads\/2021\/12\/Ejecucion-Presupuestal-de-Ingresos-mes-de-Julio-de-2021.pdf\" target=\"_blank\" rel=\"noreferrer noopener\"><strong>Ejecuci\u00f3n Presupuestal de Ingresos Julio 2021<\/strong><\/a> <\/p>\n\n\n\n<p> <a href=\"https:\/\/quilisalud.gov.co\/home\/wp-content\/uploads\/2021\/12\/Ejecucion-Presupuestal-de-Ingresos-mes-de-Agosto-de-2021.pdf\" target=\"_blank\" rel=\"noreferrer noopener\"><strong>Ejecuci\u00f3n Presupuestal de Ingresos Agosto 2021<\/strong><\/a> <\/p>\n\n\n\n<p> <a href=\"https:\/\/quilisalud.gov.co\/home\/wp-content\/uploads\/2021\/12\/Ejecucion-Presupuestal-de-Ingresos-mes-de-septiembre-de-2021.pdf\" target=\"_blank\" rel=\"noreferrer noopener\"><strong>Ejecuci\u00f3n Presupuestal de Ingresos Septiembre 2021<\/strong><\/a> <\/p>\n\n\n\n<p> <a href=\"https:\/\/quilisalud.gov.co\/home\/wp-content\/uploads\/2021\/12\/Ejecucion-Presupuestal-de-Ingresos-Octubre-de-2021.pdf\" target=\"_blank\" rel=\"noreferrer noopener\"><strong>Ejecuci\u00f3n Presupuestal de Ingresos Octubre 2021<\/strong><\/a> <\/p>\n\n\n\n<p><a href=\"https:\/\/quilisalud.gov.co\/home\/wp-content\/uploads\/2022\/04\/ingresos-nov-2021_.pdf\">Ejecuci\u00f3n Presupuestal de Ingresos Noviembre 2021<\/a><\/p>\n\n\n\n<p> <strong><a href=\"https:\/\/quilisalud.gov.co\/home\/wp-content\/uploads\/2022\/04\/EJECUCION_INGRESOS_DIC_2021.pdf\">Ejecuci\u00f3n Presupuestal de Ingresos Diciembre 2021<\/a><\/strong>   <\/p>\n\n\n\n<p><\/p>\n\n\n\n<p><\/p>\n\n\n\n<p><strong>GASTOS<\/strong><\/p>\n\n\n\n<p><a href=\"https:\/\/quilisalud.gov.co\/home\/wp-content\/uploads\/2021\/12\/Ejecucion-Presupuestal-de-Gastos-Enero-de-2021.pdf\" target=\"_blank\" rel=\"noreferrer noopener\"><strong>Ejecuci\u00f3n Presupuestal de Gastos Enero 2021<\/strong><\/a><\/p>\n\n\n\n<p> <a href=\"https:\/\/quilisalud.gov.co\/home\/wp-content\/uploads\/2021\/12\/Ejecucion-Presupuestal-de-Gastos-Febrero-de-2021.pdf\" target=\"_blank\" rel=\"noreferrer noopener\"><strong>Ejecuci\u00f3n Presupuestal de Gastos Febrero 2021<\/strong><\/a> <\/p>\n\n\n\n<p> <a href=\"https:\/\/quilisalud.gov.co\/home\/wp-content\/uploads\/2021\/12\/Ejecucion-Presupuestal-de-Gastos-Marzo-de-2021.pdf\" target=\"_blank\" rel=\"noreferrer noopener\"><strong>Ejecuci\u00f3n Presupuestal de Gastos Marzo 2021<\/strong><\/a> <\/p>\n\n\n\n<p> <a href=\"https:\/\/quilisalud.gov.co\/home\/wp-content\/uploads\/2021\/12\/Ejecucion-Presupuestal-de-Gastos-mes-de-Abril-de-2021.pdf\" target=\"_blank\" rel=\"noreferrer noopener\"><strong>Ejecuci\u00f3n Presupuestal de Gastos Abril 2021<\/strong><\/a> <\/p>\n\n\n\n<p> <a href=\"https:\/\/quilisalud.gov.co\/home\/wp-content\/uploads\/2021\/12\/Ejecucion-Presupuestal-de-Gastos-mes-de-Mayo-de-2021.pdf\" target=\"_blank\" rel=\"noreferrer noopener\"><strong>Ejecuci\u00f3n Presupuestal de Gastos Mayo 2021<\/strong><\/a> <\/p>\n\n\n\n<p> <a href=\"https:\/\/quilisalud.gov.co\/home\/wp-content\/uploads\/2021\/12\/Ejecucion-Presupuestal-de-Gastos-mes-de-Junio-de-2021.pdf\" target=\"_blank\" rel=\"noreferrer noopener\"><strong>Ejecuci\u00f3n Presupuestal de Gastos Junio 2021<\/strong><\/a> <\/p>\n\n\n\n<p><strong> <\/strong><a href=\"https:\/\/quilisalud.gov.co\/home\/wp-content\/uploads\/2021\/12\/Ejecucion-Presupuestal-de-Gastos-mes-de-Julio-de-2021.pdf\" target=\"_blank\" rel=\"noreferrer noopener\"><strong>Ejecuci\u00f3n Presupuestal de Gastos Julio 2021<\/strong><\/a> <\/p>\n\n\n\n<p> <a href=\"https:\/\/quilisalud.gov.co\/home\/wp-content\/uploads\/2021\/12\/Ejecucion-Presupuestal-de-Gastos-mes-de-Agosto-de-2021.pdf\" target=\"_blank\" rel=\"noreferrer noopener\"><strong>Ejecuci\u00f3n Presupuestal de Gastos Agosto 2021<\/strong><\/a> <\/p>\n\n\n\n<p> <a href=\"https:\/\/quilisalud.gov.co\/home\/wp-content\/uploads\/2021\/12\/Ejecucion-Presupuestal-de-Gastos-mes-de-Septiembre-de-2021.pdf\" target=\"_blank\" rel=\"noreferrer noopener\"><strong>Ejecuci\u00f3n Presupuestal de Gastos Septiembre 2021<\/strong><\/a> <\/p>\n\n\n\n<p> <a href=\"https:\/\/quilisalud.gov.co\/home\/wp-content\/uploads\/2021\/12\/Ejecucion-Presupuestal-de-Gastos-mes-de-Octubre-de-2021.pdf\" target=\"_blank\" rel=\"noreferrer noopener\"><strong>Ejecuci\u00f3n Presupuestal de Gastos Octubre 2021<\/strong><\/a> <\/p>\n\n\n\n<p> <strong><a href=\"https:\/\/quilisalud.gov.co\/home\/wp-content\/uploads\/2022\/04\/EJECUCION_GTOS_NOV_2021.pdf\">Ejecuci\u00f3n Presupuestal de Gastos Noviembre 202<\/a><\/strong><a rel=\"noreferrer noopener\" href=\"https:\/\/quilisalud.gov.co\/home\/wp-content\/uploads\/2021\/12\/Ejecucion-Presupuestal-de-Gastos-mes-de-Octubre-de-2021.pdf\" target=\"_blank\"><strong>1<\/strong><\/a>  <\/p>\n\n\n\n<p> <a href=\"https:\/\/quilisalud.gov.co\/home\/wp-content\/uploads\/2022\/04\/EJECUCION_GTOS_DIC-_2021.pdf\" target=\"_blank\" rel=\"noreferrer noopener\"><strong>Ejecuci\u00f3n Presupuestal de Gastos Diciembre 2021<\/strong><\/a>  <\/p>\n","protected":false},"excerpt":{"rendered":"<p>INGRESOS Ejecuci\u00f3n Presupuestal de Ingresos Enero 2021 Ejecuci\u00f3n Presupuestal de Ingresos Febrero 2021 Ejecuci\u00f3n Presupuestal de Ingresos Marzo 2021 Ejecuci\u00f3n Presupuestal de Ingresos Abril 2021 Ejecuci\u00f3n Presupuestal de Ingresos Mayo 2021 Ejecuci\u00f3n Presupuestal de Ingresos Junio 2021 Ejecuci\u00f3n Presupuestal de Ingresos Julio 2021 Ejecuci\u00f3n Presupuestal de Ingresos Agosto 2021 Ejecuci\u00f3n Presupuestal de Ingresos Septiembre 2021 [&hellip;]<\/p>\n","protected":false},"author":2,"featured_media":0,"parent":0,"menu_order":0,"comment_status":"closed","ping_status":"closed","template":"","meta":{"footnotes":""},"class_list":["post-2556","page","type-page","status-publish","hentry"],"_links":{"self":[{"href":"https:\/\/quilisalud.gov.co\/home\/wp-json\/wp\/v2\/pages\/2556","targetHints":{"allow":["GET"]}}],"collection":[{"href":"https:\/\/quilisalud.gov.co\/home\/wp-json\/wp\/v2\/pages"}],"about":[{"href":"https:\/\/quilisalud.gov.co\/home\/wp-json\/wp\/v2\/types\/page"}],"author":[{"embeddable":true,"href":"https:\/\/quilisalud.gov.co\/home\/wp-json\/wp\/v2\/users\/2"}],"replies":[{"embeddable":true,"href":"https:\/\/quilisalud.gov.co\/home\/wp-json\/wp\/v2\/comments?post=2556"}],"version-history":[{"count":0,"href":"https:\/\/quilisalud.gov.co\/home\/wp-json\/wp\/v2\/pages\/2556\/revisions"}],"wp:attachment":[{"href":"https:\/\/quilisalud.gov.co\/home\/wp-json\/wp\/v2\/media?parent=2556"}],"curies":[{"name":"wp","href":"https:\/\/api.w.org\/{rel}","templated":true}]}}