{"id":2339,"date":"2021-10-21T19:36:28","date_gmt":"2021-10-21T19:36:28","guid":{"rendered":"http:\/\/quilisalud.gov.co\/home\/?page_id=2339"},"modified":"2024-11-14T19:45:20","modified_gmt":"2024-11-14T19:45:20","slug":"resoluciones","status":"publish","type":"page","link":"https:\/\/quilisalud.gov.co\/home\/resoluciones\/","title":{"rendered":"Resoluciones"},"content":{"rendered":"\n<ul class=\"wp-block-list\">\n<li><strong><a href=\"https:\/\/quilisalud.gov.co\/home\/wp-content\/uploads\/2021\/10\/Resolucion-por-medio-del-cual-se-adopta-el-nuevo-modeo-integral-de-prestacion-de-servicios.pdf\" target=\"_blank\" rel=\"noreferrer noopener\">Resoluci\u00f3n Modelo Integral de Prestaci\u00f3n de Servicios<\/a><\/strong><\/li>\n\n\n\n<li><a rel=\"noreferrer noopener\" href=\"https:\/\/quilisalud.gov.co\/home\/wp-content\/uploads\/2021\/10\/RESOLUCION-POLITICA-SALUD-MENTAL.pdf\" target=\"_blank\"><strong>Resoluci\u00f3n pol\u00edtica de Salud Mental<\/strong><\/a><\/li>\n\n\n\n<li><strong><a rel=\"noreferrer noopener\" href=\"https:\/\/quilisalud.gov.co\/home\/wp-content\/uploads\/2021\/10\/Resolucion-politica-de-gestion-documental.pdf\" target=\"_blank\">Resoluci\u00f3n Pol\u00edtica de Gesti\u00f3n Documental<\/a><\/strong><\/li>\n\n\n\n<li><strong><a rel=\"noreferrer noopener\" href=\"https:\/\/quilisalud.gov.co\/home\/wp-content\/uploads\/2021\/10\/Resolucion-politica-de-gestion-del-recaudo.pdf\" target=\"_blank\">Resoluci\u00f3n pol\u00edtica de Gesti\u00f3n del Recaudo<\/a><\/strong><\/li>\n\n\n\n<li><strong><a rel=\"noreferrer noopener\" href=\"https:\/\/quilisalud.gov.co\/home\/wp-content\/uploads\/2021\/10\/Resolucion-Participacion-ciudadana.pdf\" target=\"_blank\">Resoluci\u00f3n Participaci\u00f3n Ciudadana<\/a><\/strong><\/li>\n\n\n\n<li><strong><a rel=\"noreferrer noopener\" href=\"https:\/\/quilisalud.gov.co\/home\/wp-content\/uploads\/2021\/10\/RESOLUCION-HTA.pdf\" target=\"_blank\">Resoluci\u00f3n HTA<\/a><\/strong><\/li>\n\n\n\n<li><strong><a rel=\"noreferrer noopener\" href=\"https:\/\/quilisalud.gov.co\/home\/wp-content\/uploads\/2021\/10\/RESOLUCION-CYD.pdf\" target=\"_blank\">Resoluci\u00f3n CYD<\/a><\/strong><\/li>\n\n\n\n<li><strong><a rel=\"noreferrer noopener\" href=\"https:\/\/quilisalud.gov.co\/home\/wp-content\/uploads\/2021\/10\/RESOLUCION-CONFORMACION-COVE-2018.pdf\" target=\"_blank\">Resoluci\u00f3n Conformaci\u00f3n COVE 2018<\/a><\/strong><\/li>\n\n\n\n<li><strong><a rel=\"noreferrer noopener\" href=\"https:\/\/quilisalud.gov.co\/home\/wp-content\/uploads\/2021\/10\/RESOLUCION-COMITE-SEGURIDAD-PACIENTE.pdf\" target=\"_blank\">Resoluci\u00f3n Comit\u00e9 Seguridad del Paciente<\/a><\/strong><\/li>\n\n\n\n<li><strong><a rel=\"noreferrer noopener\" href=\"https:\/\/quilisalud.gov.co\/home\/wp-content\/uploads\/2021\/10\/resolucion-COMITE-PYP.pdf\" target=\"_blank\">Resoluci\u00f3n Comit\u00e9 P y P<\/a><\/strong><\/li>\n\n\n\n<li><strong><a rel=\"noreferrer noopener\" href=\"https:\/\/quilisalud.gov.co\/home\/wp-content\/uploads\/2021\/10\/Resolucion-comite-Promocion-y-Mantenimiento-de-la-Salud-2019.pdf\" target=\"_blank\">Resoluci\u00f3n Comit\u00e9 Promoci\u00f3n y Mantenimiento de la Salud 2019<\/a><\/strong><\/li>\n\n\n\n<li><strong><a rel=\"noreferrer noopener\" href=\"https:\/\/quilisalud.gov.co\/home\/wp-content\/uploads\/2021\/10\/RESOLUCION-COMITE-INSTITUCIONAL-DE-GESTION-Y-DESEMPENO-.pdf\" target=\"_blank\">Resoluci\u00f3n Comit\u00e9 Institucional de Gesti\u00f3n  y Desempe\u00f1o<\/a><\/strong><\/li>\n\n\n\n<li><a rel=\"noreferrer noopener\" href=\"https:\/\/quilisalud.gov.co\/home\/wp-content\/uploads\/2021\/10\/Resolucion-comite-de-comunicaciones-2020.pdf\" target=\"_blank\"><strong>Resoluci\u00f3n Comit\u00e9 de Comunicaciones 2020<\/strong><\/a><\/li>\n\n\n\n<li><a href=\"https:\/\/quilisalud.gov.co\/home\/wp-content\/uploads\/2021\/10\/RESOLUCION-COMITE-DE-COMPRAS0001.pdf\" target=\"_blank\" rel=\"noreferrer noopener\"><strong>Resoluci\u00f3n Comit\u00e9 de Compras<\/strong><\/a><\/li>\n\n\n\n<li><a href=\"https:\/\/quilisalud.gov.co\/home\/wp-content\/uploads\/2021\/10\/Resolucion_manual_de_contratacion_2021.pdf\" data-type=\"link\" data-id=\"https:\/\/quilisalud.gov.co\/home\/wp-content\/uploads\/2021\/10\/Resolucion_manual_de_contratacion_2021.pdf\" target=\"_blank\" rel=\"noreferrer noopener\"><strong>Resoluci\u00f3n contrataci\u00f3n 2021<\/strong><\/a><\/li>\n\n\n\n<li><a rel=\"noreferrer noopener\" href=\"https:\/\/quilisalud.gov.co\/home\/wp-content\/uploads\/2021\/10\/Resolucion-adopta-plan-anual-de-SGSST-2021.pdf\" target=\"_blank\"><strong>Resoluci\u00f3n Adopta Plan Anual de SGSST 2021<\/strong><\/a><\/li>\n\n\n\n<li><strong><a rel=\"noreferrer noopener\" href=\"https:\/\/quilisalud.gov.co\/home\/wp-content\/uploads\/2021\/10\/Resolucion-Comite-tecnicoCientifico-1.pdf\" target=\"_blank\">Resoluci\u00f3n Comit\u00e9 tecnocient\u00edfico<\/a><\/strong> <\/li>\n\n\n\n<li><strong><a href=\"https:\/\/quilisalud.gov.co\/home\/wp-content\/uploads\/2022\/06\/Resolucion-_adopcion-_de-Politica-_y_Manual_de_Gestion_del_Riesgo.pdf\">Resoluci\u00f3n de adopci\u00f3n de la pol\u00edtica y manual de gesti\u00f3n del riesgo<\/a><\/strong><\/li>\n\n\n\n<li><strong><a rel=\"noreferrer noopener\" href=\"https:\/\/quilisalud.gov.co\/home\/wp-content\/uploads\/2021\/10\/Resolucion-adopcion-Plan-Institucional-de-Archivos.pdf\" target=\"_blank\">Resoluci\u00f3n Adopci\u00f3n Plan Institucional de Archivos<\/a><\/strong><\/li>\n\n\n\n<li><strong><a href=\"https:\/\/quilisalud.gov.co\/home\/wp-content\/uploads\/2021\/10\/Resolucion-adopcion-MIPG-1.pdf\" target=\"_blank\" rel=\"noreferrer noopener\">Resoluci\u00f3n Adopci\u00f3n de MIPG<\/a><\/strong><\/li>\n\n\n\n<li><strong><a href=\"https:\/\/quilisalud.gov.co\/home\/wp-content\/uploads\/2024\/02\/resolucion-politica-de-seguridad-digital.pdf\" data-type=\"link\" data-id=\"https:\/\/quilisalud.gov.co\/home\/wp-content\/uploads\/2024\/02\/resolucion-politica-de-seguridad-digital.pdf\">Resoluci\u00f3n Adopci\u00f3n de Pol\u00edtica de seguridad digital<\/a><\/strong><\/li>\n\n\n\n<li><strong><a rel=\"noreferrer noopener\" href=\"https:\/\/quilisalud.gov.co\/home\/wp-content\/uploads\/2021\/10\/resolucion-adopcion-manual-de-procesos-y-procedimeintos.pdf\" target=\"_blank\">Resoluci\u00f3n Adopci\u00f3n Manual de Procesos y Procedimientos<\/a><\/strong><\/li>\n\n\n\n<li><strong><a rel=\"noreferrer noopener\" href=\"https:\/\/quilisalud.gov.co\/home\/wp-content\/uploads\/2021\/10\/Resolucion-Adopcion-Guias-de-Practica-Clinica-no-ministerio.pdf\" target=\"_blank\">Resoluci\u00f3n Adopci\u00f3n Gu\u00edas de Practica Cl\u00ednica no Ministerio<\/a><\/strong><\/li>\n\n\n\n<li><strong><a rel=\"noreferrer noopener\" href=\"https:\/\/quilisalud.gov.co\/home\/wp-content\/uploads\/2021\/10\/Resolucion-adopcion-Guias-clinicas-2019-noviembre.pdf\" target=\"_blank\">Resoluci\u00f3n Adopci\u00f3n Gu\u00edas cl\u00ednicas 2019 noviembre<\/a><\/strong><\/li>\n\n\n\n<li><strong><a rel=\"noreferrer noopener\" href=\"https:\/\/quilisalud.gov.co\/home\/wp-content\/uploads\/2021\/10\/Resolucion-actualizacion-tablas-de-retencion-documental.pdf\" target=\"_blank\">Resoluci\u00f3n Actualizaci\u00f3n Tablas de Retenci\u00f3n Documental<\/a><\/strong><\/li>\n\n\n\n<li><strong><a rel=\"noreferrer noopener\" href=\"https:\/\/quilisalud.gov.co\/home\/wp-content\/uploads\/2021\/10\/Resolucion-Adopcion-Guias-Plan-COVID-19.pdf\" target=\"_blank\">Resoluci\u00f3n Adopci\u00f3n Gu\u00edas Plan COVID -19<\/a><\/strong><\/li>\n\n\n\n<li><strong><a rel=\"noreferrer noopener\" href=\"https:\/\/quilisalud.gov.co\/home\/wp-content\/uploads\/2021\/10\/Resolucion-089-adopcion-resolucion-3280.pdf\" target=\"_blank\">Resoluci\u00f3n 089 Adopci\u00f3n Resoluci\u00f3n 3280<\/a><\/strong><\/li>\n\n\n\n<li><strong><a rel=\"noreferrer noopener\" href=\"https:\/\/quilisalud.gov.co\/home\/wp-content\/uploads\/2021\/10\/Resolucion-014-de-2021.-Adopcion-Plan-de-Bienestar-Incentivos.pdf\" target=\"_blank\">Resoluci\u00f3n 014 de 2021. Adopci\u00f3n Plan de Bienestar Incentivos<\/a><\/strong><\/li>\n\n\n\n<li><strong><a rel=\"noreferrer noopener\" href=\"https:\/\/quilisalud.gov.co\/home\/wp-content\/uploads\/2021\/10\/Resolucion-013-de-2021-Adopcion-Plan-Institucional-de-formacion-y-capacitacion.pdf\" target=\"_blank\">Resoluci\u00f3n 013 de 2021 Adopci\u00f3n Plan Institucional de Formaci\u00f3n y Capacitaci\u00f3n<\/a><\/strong><\/li>\n\n\n\n<li><strong><a rel=\"noreferrer noopener\" href=\"https:\/\/quilisalud.gov.co\/home\/wp-content\/uploads\/2021\/10\/Resolucion-Comite-de-Etica-Hospitalaria.pdf\" target=\"_blank\">Resoluci\u00f3n Comit\u00e9 de \u00c9tica Hospitalaria<\/a><\/strong><\/li>\n\n\n\n<li><strong><a rel=\"noreferrer noopener\" href=\"https:\/\/quilisalud.gov.co\/home\/wp-content\/uploads\/2021\/10\/Resolucion-adopcion-modelo-de-atencion-Quilisalud.pdf\" target=\"_blank\">Resoluci\u00f3n Adopci\u00f3n modelo de Atenci\u00f3n Quilisalud<\/a><\/strong><\/li>\n\n\n\n<li><strong><a rel=\"noreferrer noopener\" href=\"https:\/\/quilisalud.gov.co\/home\/wp-content\/uploads\/2021\/10\/Resolucion-adopcion-AIEPI-.pdf\" target=\"_blank\">Resoluci\u00f3n Adopci\u00f3n AIEPI<\/a><\/strong><\/li>\n\n\n\n<li><strong><a rel=\"noreferrer noopener\" href=\"https:\/\/quilisalud.gov.co\/home\/wp-content\/uploads\/2021\/10\/Comite-Hospitalario-de-Emergencias-y-desastres-1.pdf\" target=\"_blank\">Resoluci\u00f3n Comit\u00e9 Hospitalario de Emergencias y Desastres <\/a><\/strong><\/li>\n\n\n\n<li><strong><a rel=\"noreferrer noopener\" href=\"https:\/\/quilisalud.gov.co\/home\/wp-content\/uploads\/2021\/10\/COMITE-HISTORIAS-CLINICAS.pdf\" target=\"_blank\">Resoluci\u00f3n Comit\u00e9 de Historias Cl\u00ednicas<\/a><\/strong><\/li>\n\n\n\n<li><strong><a rel=\"noreferrer noopener\" href=\"https:\/\/quilisalud.gov.co\/home\/wp-content\/uploads\/2021\/10\/COMITE-DE-INFECCIONES.pdf\" target=\"_blank\">Resoluci\u00f3n Comit\u00e9 de Infecciones<\/a><\/strong><\/li>\n\n\n\n<li><strong><a rel=\"noreferrer noopener\" href=\"https:\/\/quilisalud.gov.co\/home\/wp-content\/uploads\/2021\/10\/COMITE-DE-CONCILIACION-Y-DEFENSA-JUDICIAL-JUNIO-2018.pdf\" target=\"_blank\">Resoluci\u00f3n Comit\u00e9 de Conciliaci\u00f3n y Defensa Judicial Junio 2018<\/a><\/strong><\/li>\n\n\n\n<li><a rel=\"noreferrer noopener\" href=\"https:\/\/quilisalud.gov.co\/home\/wp-content\/uploads\/2021\/10\/COMITE-DE-ARCHIVO.pdf\" target=\"_blank\"><strong>Resoluci\u00f3n Comit\u00e9 de Archivo<\/strong><\/a><\/li>\n\n\n\n<li><strong><a rel=\"noreferrer noopener\" href=\"https:\/\/quilisalud.gov.co\/home\/wp-content\/uploads\/2021\/10\/COMITE-CALIDAD.pdf\" target=\"_blank\">Resoluci\u00f3n Comit\u00e9 de Calidad<\/a><\/strong><\/li>\n\n\n\n<li><b><a rel=\"noreferrer noopener\" href=\"https:\/\/quilisalud.gov.co\/home\/comite-de-etica-hospitalaria\/\" target=\"_blank\">Resoluci\u00f3n Comit\u00e9 de <\/a><\/b><strong><a rel=\"noreferrer noopener\" href=\"https:\/\/quilisalud.gov.co\/home\/comite-de-etica-hospitalaria\/\" target=\"_blank\">\u00c9tica<\/a><a rel=\"noreferrer noopener\" href=\"https:\/\/quilisalud.gov.co\/home\/wp-content\/uploads\/2021\/10\/Resolucion-Comite-de-Etica-Hospitalaria.pdf\" target=\"_blank\"> <\/a><\/strong><\/li>\n\n\n\n<li><strong><a rel=\"noreferrer noopener\" href=\"https:\/\/quilisalud.gov.co\/home\/wp-content\/uploads\/2021\/10\/COMITE-AUDITORIA-Y-COMITE-DE-RIESGOS-FINANCIEROS.pdf\" target=\"_blank\">Resoluci\u00f3n Comit\u00e9 de Auditoria y Comit\u00e9 de Riesgos Financieros<\/a><\/strong><\/li>\n\n\n\n<li><strong><a rel=\"noreferrer noopener\" href=\"https:\/\/quilisalud.gov.co\/home\/wp-content\/uploads\/2021\/10\/Acuerdo-004-modificacion-Organigrama-1-Sept-2020.pdf\" target=\"_blank\">Resoluci\u00f3n Acuerdo 004 Modificaci\u00f3n Organigrama 1 Sept 2020<\/a><\/strong><\/li>\n\n\n\n<li><strong><a rel=\"noreferrer noopener\" href=\"https:\/\/quilisalud.gov.co\/home\/wp-content\/uploads\/2021\/10\/ACTUALIZACION-MECI.pdf\" target=\"_blank\">Resoluci\u00f3n Actualizaci\u00f3n MECI<\/a><\/strong><\/li>\n\n\n\n<li><a rel=\"noreferrer noopener\" href=\"https:\/\/quilisalud.gov.co\/home\/wp-content\/uploads\/2021\/11\/Resolucion-por-medio-de-la-cual-se-convoca-a-elecciones-de-los-representantes-.pdf\" target=\"_blank\"><strong>Resoluci\u00f3n 108 del 02 de Noviembre de 2021. Elecciones de Representantes de los Empleados<\/strong>.<\/a><\/li>\n\n\n\n<li><strong><a rel=\"noreferrer noopener\" href=\"https:\/\/quilisalud.gov.co\/home\/wp-content\/uploads\/2022\/01\/RESOLUCION-POLITICA-DE-SERVICIO-AL-CIUDADANO.pdf\" target=\"_blank\">Resoluci\u00f3n Pol\u00edtica de Servicio al Ciudadano<\/a><\/strong> <\/li>\n\n\n\n<li><a href=\"https:\/\/quilisalud.gov.co\/home\/2024\/11\/14\/resolucion-147-de-01-nov-2024\/\"><strong>Resoluci\u00f3n 147- de Noviembre 2024- Actualizaci\u00f3n Manual Proceso de Contrataci\u00f3n <\/strong><\/a><\/li>\n<\/ul>\n\n\n\n<p><\/p>\n","protected":false},"excerpt":{"rendered":"","protected":false},"author":2,"featured_media":0,"parent":0,"menu_order":0,"comment_status":"closed","ping_status":"closed","template":"","meta":{"footnotes":""},"class_list":["post-2339","page","type-page","status-publish","hentry"],"_links":{"self":[{"href":"https:\/\/quilisalud.gov.co\/home\/wp-json\/wp\/v2\/pages\/2339","targetHints":{"allow":["GET"]}}],"collection":[{"href":"https:\/\/quilisalud.gov.co\/home\/wp-json\/wp\/v2\/pages"}],"about":[{"href":"https:\/\/quilisalud.gov.co\/home\/wp-json\/wp\/v2\/types\/page"}],"author":[{"embeddable":true,"href":"https:\/\/quilisalud.gov.co\/home\/wp-json\/wp\/v2\/users\/2"}],"replies":[{"embeddable":true,"href":"https:\/\/quilisalud.gov.co\/home\/wp-json\/wp\/v2\/comments?post=2339"}],"version-history":[{"count":4,"href":"https:\/\/quilisalud.gov.co\/home\/wp-json\/wp\/v2\/pages\/2339\/revisions"}],"predecessor-version":[{"id":5210,"href":"https:\/\/quilisalud.gov.co\/home\/wp-json\/wp\/v2\/pages\/2339\/revisions\/5210"}],"wp:attachment":[{"href":"https:\/\/quilisalud.gov.co\/home\/wp-json\/wp\/v2\/media?parent=2339"}],"curies":[{"name":"wp","href":"https:\/\/api.w.org\/{rel}","templated":true}]}}