{"id":2318,"date":"2021-10-21T14:56:11","date_gmt":"2021-10-21T14:56:11","guid":{"rendered":"http:\/\/quilisalud.gov.co\/home\/?page_id=2318"},"modified":"2024-10-10T16:55:31","modified_gmt":"2024-10-10T16:55:31","slug":"politicas","status":"publish","type":"page","link":"https:\/\/quilisalud.gov.co\/home\/politicas\/","title":{"rendered":"Pol\u00edticas"},"content":{"rendered":"\n<pre class=\"wp-block-preformatted\">Fecha de actualizaci\u00f3n: 19-09-2024 <\/pre>\n\n\n\n<p><strong>QUILISALUD E.S.E<\/strong>. es una empresa que promueve la participaci\u00f3n efectiva de la comunidad garantizando as\u00ed el mejoramiento continuo y control de la salud en los diferentes ciclos vitales a trav\u00e9s de la estrategia de Atenci\u00f3n Primaria en Salud que articula el enfoque de promoci\u00f3n de la salud y prevenci\u00f3n de la enfermedad con la atenci\u00f3n, tratamiento y rehabilitaci\u00f3n oportuna al individuo y su familia; apoyados en un recurso humano competente, con infraestructura y tecnolog\u00eda adecuada para nuestro nivel de complejidad.<\/p>\n\n\n\n<figure class=\"wp-block-image size-full\"><a href=\"https:\/\/quilisalud.gov.co\/home\/wp-content\/uploads\/2024\/10\/image.png\"><img loading=\"lazy\" decoding=\"async\" width=\"844\" height=\"934\" src=\"https:\/\/quilisalud.gov.co\/home\/wp-content\/uploads\/2024\/10\/image.png\" alt=\"\" class=\"wp-image-5146\" srcset=\"https:\/\/quilisalud.gov.co\/home\/wp-content\/uploads\/2024\/10\/image.png 844w, https:\/\/quilisalud.gov.co\/home\/wp-content\/uploads\/2024\/10\/image-271x300.png 271w, https:\/\/quilisalud.gov.co\/home\/wp-content\/uploads\/2024\/10\/image-768x850.png 768w\" sizes=\"auto, (max-width: 844px) 100vw, 844px\" \/><\/a><\/figure>\n\n\n\n<ul class=\"wp-block-list\">\n<li><a href=\"https:\/\/quilisalud.gov.co\/home\/wp-content\/uploads\/2021\/10\/politicas-SGSST-fIRMADA.pdf\" target=\"_blank\" rel=\"noreferrer noopener\"><strong>Pol\u00edtica SGSST<\/strong><\/a><\/li>\n\n\n\n<li><a href=\"https:\/\/quilisalud.gov.co\/home\/wp-content\/uploads\/2021\/10\/Politica-de-No-Reuso-de-Dispositivos.pdf\" target=\"_blank\" rel=\"noreferrer noopener\"><strong>Pol\u00edtica del NO REUSO<\/strong><\/a><\/li>\n\n\n\n<li><a href=\"https:\/\/quilisalud.gov.co\/home\/wp-content\/uploads\/2021\/10\/POLITICA_DE_DOCENCIA-SERVICIO.pdf\" target=\"_blank\" rel=\"noreferrer noopener\"><strong>Pol\u00edtica Docencia Servicio<\/strong><\/a><\/li>\n\n\n\n<li><a href=\"https:\/\/quilisalud.gov.co\/home\/wp-content\/uploads\/2021\/10\/POLITICA-DE-SEGURIDAD-DEL-PACIENTE.pdf\" target=\"_blank\" rel=\"noreferrer noopener\"><strong>Pol\u00edtica de Seguridad del Paciente<\/strong><\/a><\/li>\n\n\n\n<li><strong><a href=\"https:\/\/quilisalud.gov.co\/home\/politica-de-seguridad-de-la-informacion-y-proteccion-de-datos\/\">Pol\u00edtica de Seguridad de la Informaci\u00f3n y Protecci\u00f3n de Datos<\/a><\/strong><\/li>\n\n\n\n<li><a href=\"https:\/\/quilisalud.gov.co\/home\/plan-de-tratamiento-de-riesgos-de-seguridad-y-privacidad-de-la-informacion\/\"><strong>Pol\u00edtica de tratamiento de riesgo y privacidad de la informaci\u00f3n<\/strong><\/a><\/li>\n\n\n\n<li><a href=\"https:\/\/quilisalud.gov.co\/home\/politica-de-transformacion-digital\/\" data-type=\"page\" data-id=\"3015\"><strong>Pol\u00edtica de transformaci\u00f3n digital<\/strong><\/a><\/li>\n\n\n\n<li><a href=\"https:\/\/quilisalud.gov.co\/home\/politica-de-gobierno-digital-quilisalud\/\"><strong>Pol\u00edtica de gobierno digital<\/strong><\/a><\/li>\n\n\n\n<li><a href=\"https:\/\/quilisalud.gov.co\/home\/wp-content\/uploads\/2024\/02\/POLITICA-DE-SEGURIDAD-DIGITAL-QUILISALUD.pdf\" target=\"_blank\" rel=\"noreferrer noopener\">Pol\u00edtica de Seguridad digital<\/a><\/li>\n\n\n\n<li><a href=\"https:\/\/quilisalud.gov.co\/home\/wp-content\/uploads\/2022\/06\/Politica_gestion_del_riesgo_202112201532.pdf\"><strong>Pol\u00edtica gesti\u00f3n del riesgo<\/strong><\/a><\/li>\n\n\n\n<li><strong><a href=\"https:\/\/quilisalud.gov.co\/home\/wp-content\/uploads\/2022\/06\/Resolucion-_adopcion-_de-Politica-_y_Manual_de_Gestion_del_Riesgo.pdf\">Resoluci\u00f3n de adopci\u00f3n de la pol\u00edtica y manual de gesti\u00f3n del riesgo<\/a><\/strong><\/li>\n\n\n\n<li><a href=\"https:\/\/quilisalud.gov.co\/home\/wp-content\/uploads\/2021\/10\/POLITICA-DE-PARTICIPACION-CIUDADANA.pdf\" target=\"_blank\" rel=\"noreferrer noopener\"><strong>Pol\u00edtica de Participaci\u00f3n Ciudadana<\/strong><\/a><\/li>\n\n\n\n<li><strong><a href=\"https:\/\/quilisalud.gov.co\/home\/wp-content\/uploads\/2021\/10\/POLITICA-DE-RECAUDO-QUILISALUD-ESE.pdf\" target=\"_blank\" rel=\"noreferrer noopener\">Pol\u00edtica de Recaudo<\/a><\/strong><\/li>\n\n\n\n<li><a href=\"https:\/\/quilisalud.gov.co\/home\/wp-content\/uploads\/2021\/10\/POLITICA-DE-CONFIDENCIALIDAD-.pdf\" target=\"_blank\" rel=\"noreferrer noopener\"><strong>Pol\u00edtica de Confidencialidad<\/strong><\/a><\/li>\n\n\n\n<li><a href=\"https:\/\/quilisalud.gov.co\/home\/wp-content\/uploads\/2021\/10\/Politica-de-Comunicaciones.pdf\" target=\"_blank\" rel=\"noreferrer noopener\"><strong>Pol\u00edtica de Comunicaciones<\/strong><\/a><\/li>\n\n\n\n<li><a href=\"https:\/\/quilisalud.gov.co\/home\/wp-content\/uploads\/2024\/04\/Resolucion-No-011-de-2024-actualizacion-PGIRASA-y-politica-ambiental-QUILISALUD-ESE.pdf\" target=\"_blank\" rel=\"noreferrer noopener\"><strong>Pol\u00edtica Ambiental de Quilisalud<\/strong><\/a><\/li>\n\n\n\n<li><a href=\"https:\/\/quilisalud.gov.co\/home\/wp-content\/uploads\/2022\/01\/POLITICA-DE-SERVICIO-AL-CIUDADANO.pdf\" target=\"_blank\" rel=\"noreferrer noopener\"><strong>Pol\u00edtica de Servicio al Ciudadano.<\/strong><\/a><\/li>\n<\/ul>\n\n\n\n<p><\/p>\n","protected":false},"excerpt":{"rendered":"<p>Fecha de actualizaci\u00f3n: 19-09-2024 QUILISALUD E.S.E. es una empresa que promueve la participaci\u00f3n efectiva de la comunidad garantizando as\u00ed el mejoramiento continuo y control de la salud en los diferentes ciclos vitales a trav\u00e9s de la estrategia de Atenci\u00f3n Primaria en Salud que articula el enfoque de promoci\u00f3n de la salud y prevenci\u00f3n de la [&hellip;]<\/p>\n","protected":false},"author":2,"featured_media":0,"parent":0,"menu_order":0,"comment_status":"closed","ping_status":"closed","template":"","meta":{"footnotes":""},"class_list":["post-2318","page","type-page","status-publish","hentry"],"_links":{"self":[{"href":"https:\/\/quilisalud.gov.co\/home\/wp-json\/wp\/v2\/pages\/2318","targetHints":{"allow":["GET"]}}],"collection":[{"href":"https:\/\/quilisalud.gov.co\/home\/wp-json\/wp\/v2\/pages"}],"about":[{"href":"https:\/\/quilisalud.gov.co\/home\/wp-json\/wp\/v2\/types\/page"}],"author":[{"embeddable":true,"href":"https:\/\/quilisalud.gov.co\/home\/wp-json\/wp\/v2\/users\/2"}],"replies":[{"embeddable":true,"href":"https:\/\/quilisalud.gov.co\/home\/wp-json\/wp\/v2\/comments?post=2318"}],"version-history":[{"count":4,"href":"https:\/\/quilisalud.gov.co\/home\/wp-json\/wp\/v2\/pages\/2318\/revisions"}],"predecessor-version":[{"id":5148,"href":"https:\/\/quilisalud.gov.co\/home\/wp-json\/wp\/v2\/pages\/2318\/revisions\/5148"}],"wp:attachment":[{"href":"https:\/\/quilisalud.gov.co\/home\/wp-json\/wp\/v2\/media?parent=2318"}],"curies":[{"name":"wp","href":"https:\/\/api.w.org\/{rel}","templated":true}]}}