{"id":15943,"date":"2026-01-29T21:58:43","date_gmt":"2026-01-29T21:58:43","guid":{"rendered":"https:\/\/quilisalud.gov.co\/home\/?page_id=15943"},"modified":"2026-01-31T04:26:03","modified_gmt":"2026-01-31T04:26:03","slug":"planes-institucionales-2026","status":"publish","type":"page","link":"https:\/\/quilisalud.gov.co\/home\/planes-institucionales-2026\/","title":{"rendered":"Planes Institucionales 2026"},"content":{"rendered":"\n<p>Fecha de publicaci\u00f3n : 29 de enero 2026<\/p>\n\n\n\n<p><strong>GESTI\u00d3N DOCUMENTAL<\/strong><\/p>\n\n\n\n<p><strong><a href=\"https:\/\/edequilisalud-my.sharepoint.com\/:f:\/g\/personal\/sistemas_quilisalud_gov_co\/IgDuGRPlhMI1SL1irpEgEwzpAXm-BeUVey5Cy37rFFD6pbw?e=l023qy\">PINAR_2025<\/a><\/strong><\/p>\n\n\n\n<p><strong><a href=\"https:\/\/edequilisalud-my.sharepoint.com\/:f:\/g\/personal\/sistemas_quilisalud_gov_co\/IgBB9VMiqE7JT6FcEGJF7VKhAexSnJd9odARxU1tzVGy2mo?e=usRf4f\">PLAN DE SISTEMA INTEGRADOS DE CONSERVACION DOCUMENTAL<\/a><\/strong><\/p>\n\n\n\n<p><strong>TALENTO HUMANO<\/strong><\/p>\n\n\n\n<p><strong><a href=\"http:\/\/nal\/sistemas_quilisalud_gov_co\/IgBBUC96Evb2Qr1qfWkYZGuHAZ7TeMC2BLn6rGMjXkwbVLU?e=fdInSJ\">Plan Estrat\u00e9gico de Talento Humano<\/a><\/strong><\/p>\n\n\n\n<p><strong><a href=\"https:\/\/quilisalud.gov.co\/home\/wp-content\/uploads\/2025\/01\/Plan_Institucional_Capacitacion_Quilisalud_2025.pdf\">Plan Institucional de Capacitaci\u00f3<\/a><a href=\".sharepoint.com\/:f:\/g\/personal\/sistemas_quilisalud_gov_co\/IgCcMAneNzfFQpVan4MpcR5cAX1GgvzeMAy4zcWcje2JVhw?e=V2aNtH\">n<\/a><\/strong><\/p>\n\n\n\n<p><strong><a href=\"https:\/\/edequilisalud-my.sharepoint.com\/:f:\/g\/personal\/sistemas_quilisalud_gov_co\/IgDfdH3Nl0AhS4bEWqv7Yx1XAQiH9-AR5kQY8-LNYdM5YdI?e=EWnRdC\">Plan de Bienestar e Incentivos<\/a><\/strong><\/p>\n\n\n\n<p><strong><a href=\"https:\/\/edequilisalud-my.sharepoint.com\/:f:\/g\/personal\/sistemas_quilisalud_gov_co\/IgBmTjJbpK-xQJjlPksnb_1vAWXEd-CmAaXTzy8KUYodHKo?e=T8Ys6d\">Plan Anual de Vacantes y Previsi\u00f3n de Rh<\/a><\/strong><\/p>\n\n\n\n<p><\/p>\n\n\n\n<p><strong>GESTI\u00d3N DE TI<\/strong><\/p>\n\n\n\n<p><strong><a href=\"https:\/\/edequilisalud-my.sharepoint.com\/:f:\/g\/personal\/sistemas_quilisalud_gov_co\/IgDNlZ3V9yG6TbsXtKBKNCPjAfbHzaW06oQD6klOOYCvtYk?e=yQobu4\">Plan Estrat\u00e9gico de Tecnolog\u00edas de la Informaci\u00f3n y las Comunicaciones(PETI) <\/a><\/strong><\/p>\n\n\n\n<p><strong><a href=\"https:\/\/edequilisalud-my.sharepoint.com\/:f:\/g\/personal\/sistemas_quilisalud_gov_co\/IgAKU9GEmwtkTK7lOBTtz_p5ATmxN99qNVphQqzcy6gPb2M?e=yF7wOf\">Plan estrat\u00e9gico de seguridad de la informaci\u00f3n pesi 2026<\/a><\/strong><\/p>\n\n\n\n<p><strong><a href=\"https:\/\/edequilisalud-my.sharepoint.com\/:f:\/g\/personal\/sistemas_quilisalud_gov_co\/IgCbTR4tzHv5SrKUmKHMbvlFAROv9q4wjTHFtbD_nYDPRRk?e=WGb35W\">Plan de tratamiento de riesgo de seguridad y privacidad de la informaci\u00f3n<\/a><\/strong><\/p>\n\n\n\n<p><\/p>\n\n\n\n<p><strong>COMUNICACIONES<\/strong><\/p>\n\n\n\n<p><strong><a href=\"https:\/\/edequilisalud-my.sharepoint.com\/:f:\/g\/personal\/sistemas_quilisalud_gov_co\/IgA1Zv41Anz7QqtMPYe0rR6uAUF83HRUWweCbZl658h-gkE?e=hjIiCk\">Plan de comunicaciones <\/a><\/strong><\/p>\n\n\n\n<p><strong>PLANEACI\u00d3N<\/strong><\/p>\n\n\n\n<p><strong><a href=\"https:\/\/edequilisalud-my.sharepoint.com\/:f:\/g\/personal\/sistemas_quilisalud_gov_co\/IgBRy0vdZSvcTZO2NN_fmc0WAYCv8qqci0nZ-H81_anqmO4?e=P05DjQ\">Plan de Auditorias<\/a><\/strong><\/p>\n\n\n\n<p><strong><a href=\"https:\/\/edequilisalud-my.sharepoint.com\/:f:\/g\/personal\/sistemas_quilisalud_gov_co\/IgAY7y_5DGvDRoMbVHbkJR51ATZx6b0ZlYiETqAFTFSU-14?e=gsGxr7\">POA<\/a><\/strong><\/p>\n\n\n\n<p><strong><a href=\"https:\/\/edequilisalud-my.sharepoint.com\/:f:\/g\/personal\/sistemas_quilisalud_gov_co\/IgC9ArvW1ZxHSY2mvNxaS8b5AeZfGmu_SPxhPlMM0CtBiVw?e=UNq9Lw\">Programa de Transparencia y \u00c9tica Publica 2026<\/a><\/strong><\/p>\n\n\n\n<p><strong><a href=\"https:\/\/edequilisalud-my.sharepoint.com\/:f:\/g\/personal\/sistemas_quilisalud_gov_co\/IgDDkcPZS-_LQ4mwrViXHaMUASibpmES51Fn0803EAXCAaU?e=RFhYMb\">PAMEC<\/a><\/strong><\/p>\n\n\n\n<p><strong>SALUD Y SEGURIDAD EN EL TRABAJO<\/strong><\/p>\n\n\n\n<p><strong><a href=\"https:\/\/edequilisalud-my.sharepoint.com\/:f:\/g\/personal\/sistemas_quilisalud_gov_co\/IgARFSYv0UpRQZrPUba5or2yAbjQqBe9AdTOqHwwsKCKi3Q?e=6AmjFt\">Sistema De Gesti\u00f3n De La Seguridad Y Salud En El Trabajo 2026 Ese Quilisalud<\/a><\/strong><\/p>\n\n\n\n<p><\/p>\n\n\n\n<p><strong>MANTENIMIENTO HOSPITALARIO<\/strong><\/p>\n\n\n\n<p><strong><a href=\"https:\/\/edequilisalud-my.sharepoint.com\/:f:\/g\/personal\/sistemas_quilisalud_gov_co\/IgBzKSHh6qcfTJ9eiz2-m-BtAbDorG4xJ24_uKgdDSVKDIE?e=WScok8\">Mantenimiento Hospitalario<\/a><\/strong><\/p>\n\n\n\n<p><strong>SIAU<\/strong><\/p>\n\n\n\n<p><strong><a href=\"https:\/\/edequilisalud-my.sharepoint.com\/:f:\/g\/personal\/sistemas_quilisalud_gov_co\/IgBIoVGe_-lXRrSDzMZ9oPROATkuTBqwtH_XVOQi1V7362k?e=6wgXyu\">Participaci\u00f3n social<\/a><\/strong><\/p>\n\n\n\n<p><\/p>\n\n\n\n<p><strong>CONTROL INTERNO<\/strong><\/p>\n\n\n\n<p><a href=\"https:\/\/edequilisalud-my.sharepoint.com\/:f:\/g\/personal\/sistemas_quilisalud_gov_co\/IgC9ArvW1ZxHSY2mvNxaS8b5AeZfGmu_SPxhPlMM0CtBiVw?e=9QM2L6\">PTEP<\/a><\/p>\n\n\n\n<p><strong><a href=\"https:\/\/edequilisalud-my.sharepoint.com\/:f:\/g\/personal\/sistemas_quilisalud_gov_co\/IgCMwwupMzq-ToEevglIl9thAT9h8xBeEW2IvjrZhmBxp4Q?e=5GBvb1\">PLAN DE AUSTERIDAD Y GESTION AMBIENTAL<\/a><\/strong><\/p>\n\n\n\n<p><strong>COMPRAS<\/strong><\/p>\n\n\n\n<p><strong><a href=\"https:\/\/edequilisalud-my.sharepoint.com\/:f:\/g\/personal\/sistemas_quilisalud_gov_co\/IgAN7yqYPMYuSbC3ExnjtyRbAdjdhq_MRkTRyAulkwhd7rE?e=U4B2kH\">PLAN ANUAL DE ADQUISICIONES<\/a><\/strong><\/p>\n\n\n\n<p><\/p>\n","protected":false},"excerpt":{"rendered":"<p>Fecha de publicaci\u00f3n : 29 de enero 2026 GESTI\u00d3N DOCUMENTAL PINAR_2025 PLAN DE SISTEMA INTEGRADOS DE CONSERVACION DOCUMENTAL TALENTO HUMANO Plan Estrat\u00e9gico de Talento Humano Plan Institucional de Capacitaci\u00f3n Plan de Bienestar e Incentivos Plan Anual de Vacantes y Previsi\u00f3n de Rh GESTI\u00d3N DE TI Plan Estrat\u00e9gico de Tecnolog\u00edas de la Informaci\u00f3n y las Comunicaciones(PETI) [&hellip;]<\/p>\n","protected":false},"author":2,"featured_media":0,"parent":0,"menu_order":0,"comment_status":"closed","ping_status":"closed","template":"","meta":{"footnotes":""},"class_list":["post-15943","page","type-page","status-publish","hentry"],"_links":{"self":[{"href":"https:\/\/quilisalud.gov.co\/home\/wp-json\/wp\/v2\/pages\/15943","targetHints":{"allow":["GET"]}}],"collection":[{"href":"https:\/\/quilisalud.gov.co\/home\/wp-json\/wp\/v2\/pages"}],"about":[{"href":"https:\/\/quilisalud.gov.co\/home\/wp-json\/wp\/v2\/types\/page"}],"author":[{"embeddable":true,"href":"https:\/\/quilisalud.gov.co\/home\/wp-json\/wp\/v2\/users\/2"}],"replies":[{"embeddable":true,"href":"https:\/\/quilisalud.gov.co\/home\/wp-json\/wp\/v2\/comments?post=15943"}],"version-history":[{"count":14,"href":"https:\/\/quilisalud.gov.co\/home\/wp-json\/wp\/v2\/pages\/15943\/revisions"}],"predecessor-version":[{"id":15973,"href":"https:\/\/quilisalud.gov.co\/home\/wp-json\/wp\/v2\/pages\/15943\/revisions\/15973"}],"wp:attachment":[{"href":"https:\/\/quilisalud.gov.co\/home\/wp-json\/wp\/v2\/media?parent=15943"}],"curies":[{"name":"wp","href":"https:\/\/api.w.org\/{rel}","templated":true}]}}